{"id":163,"date":"2020-07-14T16:02:23","date_gmt":"2020-07-14T19:02:23","guid":{"rendered":"https:\/\/amebs.org.ar\/2020\/?page_id=163"},"modified":"2021-02-25T13:48:41","modified_gmt":"2021-02-25T16:48:41","slug":"asociate-ahora","status":"publish","type":"page","link":"https:\/\/amebs.org.ar\/2020\/asociate-ahora\/","title":{"rendered":"Asociate ahora"},"content":{"rendered":"\n<h4 class=\"has-text-color wp-block-heading\" style=\"color:#07562e\">Asociate ahora y empez\u00e1 a disfrutar de todos los beneficios de ser parte de la Mutual.<\/h4>\n\n\n\n<h5 class=\"has-vivid-red-color has-text-color wp-block-heading\">Por favor complete todos los campos con la informaci\u00f3n requerida, la misma ser\u00e1 considerada en car\u00e1cter de <strong>Declaraci\u00f3n Jurada<\/strong>.<\/h5>\n\n\n\n<h5 class=\"has-vivid-red-color has-text-color wp-block-heading\">Todos los campos son obligatorios, por favor lea atentamente antes de comenzar a completar.<\/h5>\n\n\n\n<h5 class=\"has-vivid-red-color has-text-color wp-block-heading\">Luego de enviar el formulario nos pondremos en contacto para finalizar el tr\u00e1mite.<\/h5>\n\n\n\n<hr class=\"wp-block-separator\"\/>\n\n\n\n\n<div class=\"wpcf7 no-js\" id=\"wpcf7-f301-o1\" lang=\"es-ES\" dir=\"ltr\">\n<div class=\"screen-reader-response\"><p role=\"status\" aria-live=\"polite\" aria-atomic=\"true\"><\/p> <ul><\/ul><\/div>\n<form action=\"\/2020\/wp-json\/wp\/v2\/pages\/163#wpcf7-f301-o1\" method=\"post\" class=\"wpcf7-form init\" aria-label=\"Formulario de contacto\" enctype=\"multipart\/form-data\" novalidate=\"novalidate\" data-status=\"init\">\n<div style=\"display: none;\">\n<input type=\"hidden\" name=\"_wpcf7\" value=\"301\" \/>\n<input type=\"hidden\" name=\"_wpcf7_version\" value=\"5.9.6\" \/>\n<input type=\"hidden\" name=\"_wpcf7_locale\" value=\"es_ES\" \/>\n<input type=\"hidden\" name=\"_wpcf7_unit_tag\" value=\"wpcf7-f301-o1\" \/>\n<input type=\"hidden\" name=\"_wpcf7_container_post\" value=\"0\" \/>\n<input type=\"hidden\" name=\"_wpcf7_posted_data_hash\" value=\"\" \/>\n<input type=\"hidden\" name=\"_wpcf7_recaptcha_response\" value=\"\" \/>\n<\/div>\n<h4>Si viene por referencias de otro asociado, por favor indicar los siguientes datos del mismo:\n<\/h4>\n<p><label>Apellido: <span><\/span><br \/>\n<input type=\"text\" name=\"apellidor\" placeholder=\"Apellido referencia\" class=\"campo-form\" style=\"width:100%;\" \/><br \/>\n<\/label><br \/>\n<label>DNI: <span><\/span><br \/>\n<input type=\"text\" name=\"dnir\" placeholder=\"Apellido referencia\" class=\"campo-form\" style=\"width:100%;\" \/><br \/>\n<\/label>\n<\/p>\n<h4>A continuaci\u00f3n ingrese sus datos para asociarse\n<\/h4>\n<h4>Datos Personales\n<\/h4>\n<p><label>Apellido: <span><\/span><br \/>\n<input type=\"text\" name=\"apellido\" placeholder=\"Apellido\" class=\"campo-form\" style=\"width:100%;\" \/><br \/>\n<\/label><br \/>\n<label>Nombres: <span><\/span><br \/>\n<input type=\"text\" name=\"nombre\" placeholder=\"Nombre\" class=\"campo-form\" style=\"width:100%;\" \/><br \/>\n<\/label><br \/>\n<label>DNI: <span><\/span><br \/>\n<input type=\"text\" name=\"dni\" placeholder=\"DNI\" class=\"campo-form\" style=\"width:100%;\" \/><br \/>\n<\/label><br \/>\n<label>CUIL\/CUIT: <span><\/span><br \/>\n<input type=\"text\" name=\"cuil\" placeholder=\"CUIL\/CUIT\" class=\"campo-form\" style=\"width:100%;\" \/><br \/>\n<\/label><br \/>\n<label>Fecha de Nacimiento: (DD\/MM\/AAAA)<span><\/span><br \/>\n<input type=\"text\" name=\"fecha\" placeholder=\"fecha\" class=\"campo-form\" style=\"width:100%;\" required \/><br \/>\n<\/label><br \/>\n<label>Nacionalidad: <span><\/span><br \/>\n<input type=\"text\" name=\"nacionalidad\" placeholder=\"Nacionalidad\" class=\"campo-form\" style=\"width:100%;\" required \/><br \/>\n<\/label><br \/>\n<label>Provincia: <span><\/span><br \/>\n<input type=\"text\" name=\"provincia\" placeholder=\"Nacionalidad\" class=\"campo-form\" style=\"width:100%;\" required \/><br \/>\n<\/label><br \/>\n<label>Estado Civil: <span><\/span><br \/>\n<input type=\"text\" name=\"estado\" placeholder=\"Estado Civil\" class=\"campo-form\" style=\"width:100%;\" required \/><br \/>\n<\/label><br \/>\n<label>Cantidad de Hijos: <span><\/span><br \/>\n<input type=\"text\" name=\"hijos\" placeholder=\"Estado Civil\" class=\"campo-form\" style=\"width:100%;\" required \/><br \/>\n<\/label>\n<\/p>\n<p><label>Domicilio: <span><\/span><br \/>\n<input type=\"text\" name=\"domicilio\" placeholder=\"domicilio\" class=\"campo-form\" style=\"width:100%;\" required \/><br \/>\n<\/label><br \/>\n<label>Altura: <span><\/span><br \/>\n<input type=\"text\" name=\"altura\" placeholder=\"Altura N\u00ba\" class=\"campo-form\" style=\"width:100%;\" required \/><br \/>\n<\/label><br \/>\n<label>Piso: <span><\/span><br \/>\n<input type=\"text\" name=\"piso\" placeholder=\"N\u00ba de piso\" class=\"campo-form\" style=\"width:100%;\" required \/><br \/>\n<\/label><br \/>\n<label>Departamento: <span><\/span><br \/>\n<input type=\"text\" name=\"depto\" placeholder=\"N\u00ba de departamento\" class=\"campo-form\" style=\"width:100%;\" required \/><br \/>\n<\/label>\n<\/p>\n<p><label>C.P.: <span><\/span><br \/>\n<input type=\"text\" name=\"cp\" placeholder=\"C\u00f3digo Postal\" class=\"campo-form\" style=\"width:100%;\" required \/><br \/>\n<\/label><br \/>\n<label>Localidad: <span><\/span><br \/>\n<input type=\"text\" name=\"localidad\" placeholder=\"Localidad\" class=\"campo-form\" style=\"width:100%;\" required \/><br \/>\n<\/label>\n<\/p>\n<p><label>Tel\u00e9fono 1:(C\u00f3d. de \u00c1rea + N\u00famero) <span><\/span><br \/>\n<input type=\"text\" name=\"telefono\" placeholder=\"Tel\u00e9fono\" class=\"campo-form\" style=\"width:100%;\" required \/><br \/>\n<\/label><br \/>\n<label>Whatsapp: (C\u00f3d. de \u00c1rea + N\u00famero)<span><\/span><br \/>\n<input type=\"text\" name=\"wa\" placeholder=\"Whatsapp\" class=\"campo-form\" style=\"width:100%;\" required \/><br \/>\n<\/label>\n<\/p>\n<p><label>Email: <span><\/span><br \/>\n<input type=\"email\" name=\"email\" placeholder=\"Email\" class=\"campo-form\" style=\"width:100%;\" required \/><br \/>\n<\/label>\n<\/p>\n<h4>Datos Laborales\n<\/h4>\n<p><label>Actividad: <span><\/span><br \/>\n<input type=\"text\" name=\"trabajo\" placeholder=\"Actividad\" class=\"campo-form\" style=\"width:100%;\" required \/><br \/>\n<\/label><br \/>\n<label>Categor\u00eda: <span><\/span><br \/>\n<input type=\"text\" name=\"categoria\" placeholder=\"Categor\u00eda\" class=\"campo-form\" style=\"width:100%;\" required \/><br \/>\n<\/label><br \/>\n<label>Legajo: <span><\/span><br \/>\n<input type=\"text\" name=\"legajo\" placeholder=\"Legajo\" class=\"campo-form\" style=\"width:100%;\" required \/><\/label><br \/>\n<label>Antig\u00fcedad: <span><\/span><br \/>\n<input type=\"text\" name=\"antiguedad\" placeholder=\"Antig\u00fcedad\" class=\"campo-form\" style=\"width:100%;\" required \/><\/label>\n<\/p>\n<p><label>Organismo\/Dependencia\/Empresa: <span><\/span><br \/>\n<input type=\"text\" name=\"organismo\" placeholder=\"Lugar de trabajo\" class=\"campo-form\" style=\"width:100%;\" required \/><br \/>\n<\/label><br \/>\n<label>Situaci\u00f3n Laboral (Fijo\/temporal\/becario): <span><\/span><br \/>\n<input type=\"text\" name=\"situacion\" placeholder=\"Fijo \/ Temporal\" class=\"campo-form\" style=\"width:100%;\" required \/><br \/>\n<\/label><br \/>\n<label>Sueldo neto mensual: <span><\/span><br \/>\n<input type=\"text\" name=\"sueldo\" placeholder=\"Sueldo neto\" class=\"campo-form\" style=\"width:100%;\" required \/><br \/>\n<\/label><br \/>\n<label>Fecha de cobro mensual: <span><\/span><br \/>\n<input type=\"text\" name=\"cobro\" placeholder=\"fecha de cobro\" class=\"campo-form\" style=\"width:100%;\" required \/><br \/>\n<\/label><br \/>\n<label>N\u00ba Certificaci\u00f3n de Haberes: <span><\/span><br \/>\n<input type=\"text\" name=\"haberes\" placeholder=\"N\u00ba Certificaci\u00f3n de Haberes\" class=\"campo-form\" style=\"width:100%;\" required \/><\/label>\n<\/p>\n<p><label>Domicilio Laboral: <span><\/span><br \/>\n<input type=\"text\" name=\"domlab\" placeholder=\"Domicilio Laboral\" class=\"campo-form\" style=\"width:100%;\" required \/><br \/>\n<\/label><br \/>\n<label>Localidad: <span><\/span><br \/>\n<input type=\"text\" name=\"localidadlab\" placeholder=\"Localidad\" class=\"campo-form\" style=\"width:100%;\" required \/><br \/>\n<\/label><br \/>\n<label>CP: <span><\/span><br \/>\n<input type=\"text\" name=\"cplab\" placeholder=\"C\u00f3digo Postal\" class=\"campo-form\" style=\"width:100%;\" required \/><br \/>\n<\/label><br \/>\n<label>Tel\u00e9fono (Lugar de Trabajo):(C\u00f3d. de \u00c1rea + N\u00famero) <span><\/span><br \/>\n<input type=\"text\" name=\"tellab\" placeholder=\"Incluir caracter\u00edstica (ej. 011..)\" class=\"campo-form\" style=\"width:100%;\" required \/><br \/>\n<\/label><br \/>\n<label>Interno: <span><\/span><br \/>\n<input type=\"text\" name=\"interno\" placeholder=\"Incluir caracter\u00edstica (ej. 011..)\" class=\"campo-form\" style=\"width:100%;\" required \/><br \/>\n<\/label><br \/>\n<label>Oficina: <span><\/span><br \/>\n<input type=\"text\" name=\"oficina\" placeholder=\"Oficina Laboral\" class=\"campo-form\" style=\"width:100%;\" required \/><br \/>\n<\/label>\n<\/p>\n<p><a class=\"btn\" data-toggle=\"collapse\" href=\"#dniadjunto\" Style=\"cursor:pointer; margin-top:10px; width:100%; background:#333; color:#fff;\">Adjuntar DNI<\/a>\n<\/p>\n<div class=\"collapse\" id=\"dniadjunto\">\n\t<h5 style=\"color:red; max-width:100%;\">Por favor adjunte una imagen del frente de su DNI en la cual se pueda ver y leer claramente toda la informaci\u00f3n\n\t<\/h5>\n\t<p><span class=\"wpcf7-form-control-wrap\" data-name=\"file-685\"><input size=\"40\" class=\"wpcf7-form-control wpcf7-file wpcf7-validates-as-required\" accept=\"audio\/*,video\/*,image\/*\" aria-required=\"true\" aria-invalid=\"false\" type=\"file\" name=\"file-685\" \/><\/span>\n\t<\/p>\n\t<h5 style=\"color:red; max-width:100%;\">Por favor adjunte una imagen del dorso de su DNI en la cual se pueda ver y leer claramente toda la informaci\u00f3n\n\t<\/h5>\n\t<p><span class=\"wpcf7-form-control-wrap\" data-name=\"file-690\"><input size=\"40\" class=\"wpcf7-form-control wpcf7-file wpcf7-validates-as-required\" accept=\"audio\/*,video\/*,image\/*\" aria-required=\"true\" aria-invalid=\"false\" type=\"file\" name=\"file-690\" \/><\/span>\n\t<\/p>\n<\/div>\n<p><a class=\"btn\" data-toggle=\"collapse\" href=\"#cbuadjunto\" Style=\"cursor:pointer; margin-top:10px; width:100%; background:#333; color:#fff;\">Adjuntar CBU emitida por su Banco \u00f3 Cajero Autom\u00e1tico<\/a>\n<\/p>\n<div class=\"collapse\" id=\"cbuadjunto\">\n\t<p><a href=\"https:\/\/amebs.org.ar\/2020\/wp-content\/uploads\/2020\/07\/instructivoCBU-UltimosmovimientosBAPRO-1.pdf\" download=\"Certificado de CBU\">\u00bfC\u00f3mo lo Obtengo? Mir\u00e1 el tutorial de como obtenerlo<\/a><br \/>\n<span class=\"wpcf7-form-control-wrap\" data-name=\"file-689\"><input size=\"40\" class=\"wpcf7-form-control wpcf7-file wpcf7-validates-as-required\" accept=\"audio\/*,video\/*,image\/*\" aria-required=\"true\" aria-invalid=\"false\" type=\"file\" name=\"file-689\" \/><\/span>\n\t<\/p>\n<\/div>\n<p><a class=\"btn\" data-toggle=\"collapse\" href=\"#haberesadjunto\" Style=\"cursor:pointer; margin-top:10px; width:100%; background:#333; color:#fff;\">Adjuntar Certificaci\u00f3n de Haberes<\/a>\n<\/p>\n<div class=\"collapse\" id=\"haberesadjunto\">\n\t<p><a href=\"https:\/\/amebs.org.ar\/2020\/wp-content\/uploads\/2020\/07\/certificacionhaberes-1.pdf\" download=\"Tutorial Certificaci\u00f3n de Haberes\">\u00bfC\u00f3mo lo Obtengo? Mir\u00e1 el tutorial de como obtenerlo<\/a><br \/>\n<span class=\"wpcf7-form-control-wrap\" data-name=\"file-686\"><input size=\"40\" class=\"wpcf7-form-control wpcf7-file\" accept=\"audio\/*,video\/*,image\/*\" aria-invalid=\"false\" type=\"file\" name=\"file-686\" \/><\/span>\n\t<\/p>\n<\/div>\n<p><a class=\"btn\" data-toggle=\"collapse\" href=\"#reciboadjunto\" Style=\"cursor:pointer; margin-top:10px; width:100%; background:#333; color:#fff;\">Adjuntar Recibo de Sueldo<\/a>\n<\/p>\n<div class=\"collapse\" id=\"reciboadjunto\">\n\t<p><a href=\"https:\/\/amebs.org.ar\/2020\/wp-content\/uploads\/2020\/07\/instructivo-recibo-de-sueldo-1.pdf\" download=\"Tutorial Recibo de Sueldo\">\u00bfC\u00f3mo lo Obtengo? Mir\u00e1 el tutorial de como obtenerlo<\/a><br \/>\n<span class=\"wpcf7-form-control-wrap\" data-name=\"file-687\"><input size=\"40\" class=\"wpcf7-form-control wpcf7-file wpcf7-validates-as-required\" accept=\"audio\/*,video\/*,image\/*\" aria-required=\"true\" aria-invalid=\"false\" type=\"file\" name=\"file-687\" \/><\/span>\n\t<\/p>\n<\/div>\n<p><a class=\"btn\" data-toggle=\"collapse\" href=\"#movimientosadjunto\" Style=\"cursor:pointer; margin-top:10px; width:100%; background:#333; color:#fff;\">Adjuntar \u00daltimos 20 movimientos cuenta bapro<\/a>\n<\/p>\n<div class=\"collapse\" id=\"movimientosadjunto\">\n\t<p><a href=\"https:\/\/amebs.org.ar\/2020\/wp-content\/uploads\/2020\/07\/instructivoCBU-UltimosmovimientosBAPRO-1.pdf\" download=\"Movimientos\">\u00bfC\u00f3mo lo Obtengo? Mir\u00e1 el tutorial de como obtenerlo<\/a>\n\t<\/p>\n\t<p>Antes de adjuntar, verificar que los movimientos incluyan la acreditaci\u00f3n del \u00faltimo sueldo.\n\t<\/p>\n\t<p><span class=\"wpcf7-form-control-wrap\" data-name=\"file-688\"><input size=\"40\" class=\"wpcf7-form-control wpcf7-file wpcf7-validates-as-required\" accept=\"audio\/*,video\/*,image\/*\" aria-required=\"true\" aria-invalid=\"false\" type=\"file\" name=\"file-688\" \/><\/span>\n\t<\/p>\n<\/div>\n<span class=\"wpcf7-form-control-wrap recaptcha\" data-name=\"recaptcha\"><span data-sitekey=\"6Lee8UAlAAAAADS1RpfoDAWIqi_du9jOJi3GiACP\" class=\"wpcf7-form-control wpcf7-recaptcha g-recaptcha\"><\/span>\r\n<noscript>\r\n\t<div class=\"grecaptcha-noscript\">\r\n\t\t<iframe src=\"https:\/\/www.google.com\/recaptcha\/api\/fallback?k=6Lee8UAlAAAAADS1RpfoDAWIqi_du9jOJi3GiACP\" frameborder=\"0\" scrolling=\"no\" width=\"310\" height=\"430\">\r\n\t\t<\/iframe>\r\n\t\t<textarea name=\"g-recaptcha-response\" rows=\"3\" cols=\"40\" placeholder=\"Aqu\u00ed la respuesta de reCAPTCHA\">\r\n\t\t<\/textarea>\r\n\t<\/div>\r\n<\/noscript>\r\n<\/span>\n<p><input class=\"wpcf7-form-control wpcf7-submit has-spinner\" type=\"submit\" value=\"Enviar\" \/>\n<\/p><div class=\"wpcf7-response-output\" aria-hidden=\"true\"><\/div>\n<\/form>\n<\/div>\n\n","protected":false},"excerpt":{"rendered":"<p>Asociate ahora y empez\u00e1 a disfrutar de todos los beneficios de ser parte de la Mutual. Por favor complete todos los campos con la informaci\u00f3n requerida, la misma ser\u00e1 considerada &#8230;<\/p>\n","protected":false},"author":5,"featured_media":313,"parent":0,"menu_order":0,"comment_status":"closed","ping_status":"closed","template":"","meta":{"footnotes":""},"_links":{"self":[{"href":"https:\/\/amebs.org.ar\/2020\/wp-json\/wp\/v2\/pages\/163"}],"collection":[{"href":"https:\/\/amebs.org.ar\/2020\/wp-json\/wp\/v2\/pages"}],"about":[{"href":"https:\/\/amebs.org.ar\/2020\/wp-json\/wp\/v2\/types\/page"}],"author":[{"embeddable":true,"href":"https:\/\/amebs.org.ar\/2020\/wp-json\/wp\/v2\/users\/5"}],"replies":[{"embeddable":true,"href":"https:\/\/amebs.org.ar\/2020\/wp-json\/wp\/v2\/comments?post=163"}],"version-history":[{"count":7,"href":"https:\/\/amebs.org.ar\/2020\/wp-json\/wp\/v2\/pages\/163\/revisions"}],"predecessor-version":[{"id":2541,"href":"https:\/\/amebs.org.ar\/2020\/wp-json\/wp\/v2\/pages\/163\/revisions\/2541"}],"wp:featuredmedia":[{"embeddable":true,"href":"https:\/\/amebs.org.ar\/2020\/wp-json\/wp\/v2\/media\/313"}],"wp:attachment":[{"href":"https:\/\/amebs.org.ar\/2020\/wp-json\/wp\/v2\/media?parent=163"}],"curies":[{"name":"wp","href":"https:\/\/api.w.org\/{rel}","templated":true}]}}