{"id":3514,"date":"2024-05-24T11:59:05","date_gmt":"2024-05-24T14:59:05","guid":{"rendered":"https:\/\/amebs.org.ar\/2020\/?page_id=3514"},"modified":"2024-05-24T12:07:06","modified_gmt":"2024-05-24T15:07:06","slug":"solicitud-ayuda-economica-anticipo","status":"publish","type":"page","link":"https:\/\/amebs.org.ar\/2020\/solicitud-ayuda-economica-anticipo\/","title":{"rendered":"Solicitud Ayuda Econ\u00f3mica\/Anticipo"},"content":{"rendered":"\t\t<div data-elementor-type=\"wp-page\" data-elementor-id=\"3514\" class=\"elementor elementor-3514\" data-elementor-post-type=\"page\">\n\t\t\t\t\t\t<section class=\"elementor-section elementor-top-section elementor-element elementor-element-92f0262 elementor-section-boxed elementor-section-height-default elementor-section-height-default\" data-id=\"92f0262\" data-element_type=\"section\">\n\t\t\t\t\t\t<div class=\"elementor-container elementor-column-gap-default\">\n\t\t\t\t\t<div class=\"elementor-column elementor-col-100 elementor-top-column elementor-element elementor-element-3b8b7a9\" data-id=\"3b8b7a9\" data-element_type=\"column\">\n\t\t\t<div class=\"elementor-widget-wrap elementor-element-populated\">\n\t\t\t\t\t\t<div class=\"elementor-element elementor-element-74558b5 elementor-widget elementor-widget-text-editor\" data-id=\"74558b5\" data-element_type=\"widget\" data-widget_type=\"text-editor.default\">\n\t\t\t\t<div class=\"elementor-widget-container\">\n\t\t\t\t\t\t\t<p><!-- wp:heading {\"level\":3,\"style\":{\"color\":{\"text\":\"#07562e\"}}} --><\/p><h3 class=\"has-text-color\" style=\"color: #07562e;\"><strong>Recordamos que las Ayudas Econ\u00f3micas son exclusivas para Asociados que se encuentren al d\u00eda con la instituci\u00f3n.<\/strong><\/h3><p><!-- \/wp:heading --><\/p><p><!-- wp:heading {\"level\":5,\"textColor\":\"vivid-red\"} --><\/p><h5 class=\"has-vivid-red-color has-text-color\">Por favor complete todos los campos con la informaci\u00f3n requerida, la misma ser\u00e1 considerada en car\u00e1cter de <strong>Declaraci\u00f3n Jurada<\/strong>.<\/h5><p><!-- \/wp:heading --><\/p><p><!-- wp:heading {\"level\":5,\"textColor\":\"vivid-red\"} --><\/p><h5 class=\"has-vivid-red-color has-text-color\">por favor lea atentamente antes de comenzar a completar.<\/h5><p><!-- \/wp:heading --><\/p><p><!-- wp:heading {\"level\":5,\"textColor\":\"vivid-red\"} --><\/p><h5 class=\"has-vivid-red-color has-text-color\">Luego de enviar el formulario nos pondremos en contacto para finalizar el tr\u00e1mite.<\/h5><div class=\"wp-block-buttons\"><p><!-- \/wp:button --><\/p><\/div><p><!-- \/wp:buttons --><\/p>\t\t\t\t\t\t<\/div>\n\t\t\t\t<\/div>\n\t\t\t\t\t<\/div>\n\t\t<\/div>\n\t\t\t\t\t<\/div>\n\t\t<\/section>\n\t\t\t\t<section class=\"elementor-section elementor-top-section elementor-element elementor-element-f872516 elementor-section-boxed elementor-section-height-default elementor-section-height-default\" data-id=\"f872516\" data-element_type=\"section\">\n\t\t\t\t\t\t<div class=\"elementor-container elementor-column-gap-default\">\n\t\t\t\t\t<div class=\"elementor-column elementor-col-100 elementor-top-column elementor-element elementor-element-a08f405\" data-id=\"a08f405\" data-element_type=\"column\">\n\t\t\t<div class=\"elementor-widget-wrap elementor-element-populated\">\n\t\t\t\t\t\t<div class=\"elementor-element elementor-element-c856e83 elementor-widget elementor-widget-shortcode\" data-id=\"c856e83\" data-element_type=\"widget\" data-widget_type=\"shortcode.default\">\n\t\t\t\t<div class=\"elementor-widget-container\">\n\t\t\t\t\t<div class=\"elementor-shortcode\">\n<div class=\"wpcf7 no-js\" id=\"wpcf7-f3513-o1\" lang=\"es-ES\" dir=\"ltr\">\n<div class=\"screen-reader-response\"><p role=\"status\" aria-live=\"polite\" aria-atomic=\"true\"><\/p> <ul><\/ul><\/div>\n<form action=\"\/2020\/wp-json\/wp\/v2\/pages\/3514#wpcf7-f3513-o1\" method=\"post\" class=\"wpcf7-form init\" aria-label=\"Formulario de contacto\" enctype=\"multipart\/form-data\" novalidate=\"novalidate\" data-status=\"init\">\n<div style=\"display: none;\">\n<input type=\"hidden\" name=\"_wpcf7\" value=\"3513\" \/>\n<input type=\"hidden\" name=\"_wpcf7_version\" value=\"5.9.6\" \/>\n<input type=\"hidden\" name=\"_wpcf7_locale\" value=\"es_ES\" \/>\n<input type=\"hidden\" name=\"_wpcf7_unit_tag\" value=\"wpcf7-f3513-o1\" \/>\n<input type=\"hidden\" name=\"_wpcf7_container_post\" value=\"0\" \/>\n<input type=\"hidden\" name=\"_wpcf7_posted_data_hash\" value=\"\" \/>\n<input type=\"hidden\" name=\"_wpcf7_recaptcha_response\" value=\"\" \/>\n<\/div>\n<h4>Datos Personales\n<\/h4>\n<p><label>Apellido: <span><\/span><br \/>\n<input type=\"text\" name=\"apellido\" placeholder=\"Apellido\" class=\"campo-form\" style=\"width:100%;\" \/><br \/>\n<\/label><br \/>\n<label>Nombres: <span><\/span><br \/>\n<input type=\"text\" name=\"nombre\" placeholder=\"Nombre\" class=\"campo-form\" style=\"width:100%;\" \/><br \/>\n<\/label><br \/>\n<label>DNI: <span><\/span><br \/>\n<input type=\"text\" name=\"dni\" placeholder=\"DNI\" class=\"campo-form\" style=\"width:100%;\" \/><br \/>\n<\/label><br \/>\n<label>CUIL\/CUIT: <span><\/span><br \/>\n<input type=\"text\" name=\"cuil\" placeholder=\"CUIL\/CUIT\" class=\"campo-form\" style=\"width:100%;\" \/><br \/>\n<\/label><br \/>\n<label>Fecha de Nacimiento: <span><\/span><br \/>\n<input type=\"text\" name=\"fecha\" placeholder=\"fecha\" class=\"campo-form\" style=\"width:100%;\" required \/><br \/>\n<\/label><br \/>\n<label>Nacionalidad: <span><\/span><br \/>\n<input type=\"text\" name=\"nacionalidad\" placeholder=\"Nacionalidad\" class=\"campo-form\" style=\"width:100%;\" required \/><br \/>\n<\/label><br \/>\n<label>Estado Civil: <span><\/span><br \/>\n<input type=\"text\" name=\"estado\" placeholder=\"Estado Civil\" class=\"campo-form\" style=\"width:100%;\" required \/><br \/>\n<\/label>\n<\/p>\n<p><label>Domicilio: <span><\/span><br \/>\n<input type=\"text\" name=\"domicilio\" placeholder=\"domicilio\" class=\"campo-form\" style=\"width:100%;\" required \/><br \/>\n<\/label><br \/>\n<label>Altura: <span><\/span><br \/>\n<input type=\"text\" name=\"altura\" placeholder=\"Altura N\u00ba\" class=\"campo-form\" style=\"width:100%;\" required \/><br \/>\n<\/label><br \/>\n<label>Piso: <span><\/span><br \/>\n<input type=\"text\" name=\"piso\" placeholder=\"N\u00ba de piso\" class=\"campo-form\" style=\"width:100%;\" required \/><br \/>\n<\/label><br \/>\n<label>Departamento: <span><\/span><br \/>\n<input type=\"text\" name=\"depto\" placeholder=\"N\u00ba de departamento\" class=\"campo-form\" style=\"width:100%;\" required \/><br \/>\n<\/label>\n<\/p>\n<p><label>C.P.: <span><\/span><br \/>\n<input type=\"text\" name=\"cp\" placeholder=\"C\u00f3digo Postal\" class=\"campo-form\" style=\"width:100%;\" required \/><br \/>\n<\/label><br \/>\n<label>Localidad: <span><\/span><br \/>\n<input type=\"text\" name=\"localidad\" placeholder=\"Localidad\" class=\"campo-form\" style=\"width:100%;\" required \/><br \/>\n<\/label>\n<\/p>\n<p><label>Tel\u00e9fono 1: <span><\/span><br \/>\n<input type=\"text\" name=\"telefono\" placeholder=\"Tel\u00e9fono\" class=\"campo-form\" style=\"width:100%;\" required \/><br \/>\n<\/label><br \/>\n<label>Whatsapp: <span><\/span><br \/>\n<input type=\"text\" name=\"wa\" placeholder=\"Whatsapp\" class=\"campo-form\" style=\"width:100%;\" required \/><br \/>\n<\/label>\n<\/p>\n<p><label>Email: <span><\/span><br \/>\n<input type=\"email\" name=\"email\" placeholder=\"Email\" class=\"campo-form\" style=\"width:100%;\" required \/><br \/>\n<\/label>\n<\/p>\n<h4>Destino de fondos:\n<\/h4>\n<p>Seleccione uno de los siguientes destinos\n<\/p>\n<p><span class=\"wpcf7-form-control-wrap\" data-name=\"menu-12\"><select class=\"wpcf7-form-control wpcf7-select wpcf7-validates-as-required\" aria-required=\"true\" aria-invalid=\"false\" name=\"menu-12\"><option value=\"\">&#8212;Por favor, elige una opci\u00f3n&#8212;<\/option><option value=\"a) Gastos de salud, prevencion y convalecencia.\">a) Gastos de salud, prevencion y convalecencia.<\/option><option value=\"b) Gastos relacionados con la educaci\u00f3n\">b) Gastos relacionados con la educaci\u00f3n<\/option><option value=\"c) Viajes de turismo, de estudio y practicas deportivas\">c) Viajes de turismo, de estudio y practicas deportivas<\/option><option value=\"d) Adquisicion de vivienda propia, ampliaciones y mejoras de la misma y gastos de escrituracion\">d) Adquisicion de vivienda propia, ampliaciones y mejoras de la misma y gastos de escrituracion<\/option><option value=\"e) Compra de bienes muebles, automotores y otros rodados\">e) Compra de bienes muebles, automotores y otros rodados<\/option><option value=\"f) Pagos de servicios p\u00fablicos, tasas e impuestos\">f) Pagos de servicios p\u00fablicos, tasas e impuestos<\/option><option value=\"g) Gastos de sepelio, aduirir nichos o sepulturas\">g) Gastos de sepelio, aduirir nichos o sepulturas<\/option><option value=\"h) Mantenimiento o formacion de un capital productivo\">h) Mantenimiento o formacion de un capital productivo<\/option><option value=\"i) Necesidades que sean producto de infortunios o sirvan para elevar el nivel social o cultural\">i) Necesidades que sean producto de infortunios o sirvan para elevar el nivel social o cultural<\/option><\/select><\/span>\n<\/p>\n<h4>Datos Laborales\n<\/h4>\n<p><label>Actividad\/Categor\u00eda: <span><\/span><br \/>\n<input type=\"text\" name=\"trabajo\" placeholder=\"Actividad\/Categor\u00eda\" class=\"campo-form\" style=\"width:100%;\" required \/><br \/>\n<\/label><br \/>\n<label>Legajo: <span><\/span><br \/>\n<input type=\"text\" name=\"legajo\" placeholder=\"Legajo\" class=\"campo-form\" style=\"width:100%;\" required \/><\/label><br \/>\n<label>Fecha de ingreso: <span><\/span><br \/>\n<input type=\"text\" name=\"antiguedad\" placeholder=\"dd\/mm\/a\u00f1o en Recibo de Sueldo\" class=\"campo-form\" style=\"width:100%;\" required \/><\/label>\n<\/p>\n<p><label>Organismo\/Dependencia\/Empresa: <span><\/span><br \/>\n<input type=\"text\" name=\"organismo\" placeholder=\"Lugar de trabajo\" class=\"campo-form\" style=\"width:100%;\" required \/><br \/>\n<\/label><br \/>\n<label>Situaci\u00f3n Laboral (Fijo\/temporal): <span><\/span><br \/>\n<input type=\"text\" name=\"situacion\" placeholder=\"Fijo \/ Temporal\" class=\"campo-form\" style=\"width:100%;\" required \/><br \/>\n<\/label><br \/>\n<label>Sueldo neto mensual: <span><\/span><br \/>\n<input type=\"text\" name=\"sueldo\" placeholder=\"Sueldo neto\" class=\"campo-form\" style=\"width:100%;\" required \/><br \/>\n<\/label><br \/>\n<label>Domicilio Laboral: <span><\/span><br \/>\n<input type=\"text\" name=\"domlab\" placeholder=\"Domicilio Laboral\" class=\"campo-form\" style=\"width:100%;\" required \/><br \/>\n<\/label><br \/>\n<label>Localidad: <span><\/span><br \/>\n<input type=\"text\" name=\"localidadlab\" placeholder=\"Localidad\" class=\"campo-form\" style=\"width:100%;\" required \/><br \/>\n<\/label><br \/>\n<label>CP: <span><\/span><br \/>\n<input type=\"text\" name=\"cplab\" placeholder=\"C\u00f3digo Postal\" class=\"campo-form\" style=\"width:100%;\" required \/><br \/>\n<\/label><br \/>\n<label>Tel\u00e9fono (Lugar de Trabajo): <span><\/span><br \/>\n<input type=\"text\" name=\"tellab\" placeholder=\"Incluir caracter\u00edstica (ej. 011..)\" class=\"campo-form\" style=\"width:100%;\" required \/><br \/>\n<\/label><br \/>\n<label>Interno: <span><\/span><br \/>\n<input type=\"text\" name=\"interno\" placeholder=\"Indicar n\u00famero de interno en caso de contar con el mismo\" class=\"campo-form\" style=\"width:100%;\" required \/><br \/>\n<\/label><br \/>\n<label>Oficina: <span><\/span><br \/>\n<input type=\"text\" name=\"oficina\" placeholder=\"Oficina Laboral\" class=\"campo-form\" style=\"width:100%;\" required \/><br \/>\n<\/label><br \/>\n<label>D\u00edas y horarios laborales: <span><\/span><br \/>\n<input type=\"text\" name=\"horario\" placeholder=\"Indicar d\u00edas y horarios laborales\" class=\"campo-form\" style=\"width:100%;\" required \/><br \/>\n<\/label>\n<\/p>\n<h4>Por favor adjunte la documentaci\u00f3n solicitada, m\u00e1ximo de 4mb por adjunto, en caso de que su archivo supere dicho tama\u00f1o tome una captura y env\u00ede la misma.\n<\/h4>\n<p><a class=\"btn\" data-toggle=\"collapse\" href=\"#dniadjunto\" Style=\"cursor:pointer; margin-top:10px; width:100%; background:#333; color:#fff;\">Adjuntar DNI <\/a>\n<\/p>\n<div class=\"collapse\" id=\"dniadjunto\">\n\t<h5 style=\"color:red; max-width:100%;\">Por favor adjunte una imagen del frente de su DNI en la cual se pueda ver y leer claramente toda la informaci\u00f3n\n\t<\/h5>\n\t<p><span class=\"wpcf7-form-control-wrap\" data-name=\"file-520\"><input size=\"40\" class=\"wpcf7-form-control wpcf7-file\" accept=\".pdf,.jpeg,.jpg\" aria-invalid=\"false\" type=\"file\" name=\"file-520\" \/><\/span>\n\t<\/p>\n\t<h5 style=\"color:red; max-width:100%;\">Por favor adjunte una imagen del dorso de su DNI en la cual se pueda ver y leer claramente toda la informaci\u00f3n\n\t<\/h5>\n\t<p><span class=\"wpcf7-form-control-wrap\" data-name=\"file-991\"><input size=\"40\" class=\"wpcf7-form-control wpcf7-file\" accept=\".jpg,.pdf,.jpeg\" aria-invalid=\"false\" type=\"file\" name=\"file-991\" \/><\/span>\n\t<\/p>\n<\/div>\n<p><a class=\"btn\" data-toggle=\"collapse\" href=\"#haberesadjunto\" Style=\"cursor:pointer; margin-top:10px; width:100%; background:#333; color:#fff;\">Adjuntar Certificaci\u00f3n de Haberes<\/a>\n<\/p>\n<div class=\"collapse\" id=\"haberesadjunto\">\n\t<p><a href=\"https:\/\/amebs.org.ar\/2020\/wp-content\/uploads\/2020\/07\/certificacionhaberes-1.pdf\" download=\"Tutorial Certificaci\u00f3n de Haberes\">\u00bfC\u00f3mo lo Obtengo? Mir\u00e1 el tutorial de como obtenerlo<\/a>\n\t<\/p>\n\t<h5 style=\"color:red; max-width:100%;\">Por favor adjunte una imagen de su certificacion en la cual se pueda ver y leer claramente toda la informaci\u00f3n\n\t<\/h5>\n\t<p><span class=\"wpcf7-form-control-wrap\" data-name=\"file-992\"><input size=\"40\" class=\"wpcf7-form-control wpcf7-file\" accept=\".jpg,.pdf,.jpeg\" aria-invalid=\"false\" type=\"file\" name=\"file-992\" \/><\/span>\n\t<\/p>\n<\/div>\n<p><a class=\"btn\" data-toggle=\"collapse\" href=\"#reciboadjunto\" Style=\"cursor:pointer; margin-top:10px; width:100%; background:#333; color:#fff;\">Adjuntar Recibo de Sueldo<\/a>\n<\/p>\n<div class=\"collapse\" id=\"reciboadjunto\">\n\t<p><a href=\"https:\/\/amebs.org.ar\/2020\/wp-content\/uploads\/2020\/07\/instructivo-recibo-de-sueldo-1.pdf\" download=\"Tutorial Recibo de Sueldo\">\u00bfC\u00f3mo lo Obtengo? Mir\u00e1 el tutorial de como obtenerlo<\/a><br \/>\n<span class=\"wpcf7-form-control-wrap\" data-name=\"file-993\"><input size=\"40\" class=\"wpcf7-form-control wpcf7-file\" accept=\".jpg,.pdf,.jpeg\" aria-invalid=\"false\" type=\"file\" name=\"file-993\" \/><\/span>\n\t<\/p>\n<\/div>\n<h4>Sujeto pol\u00edticamente expuesto\n<\/h4>\n<p> El\/la que suscribe, declara bajo juramento que los datos consignados en la presente son correctos, completos y fiel expresi\u00f3n de la verdad y que <span class=\"wpcf7-form-control-wrap\" data-name=\"radio-77\"><span class=\"wpcf7-form-control wpcf7-radio\"><span class=\"wpcf7-list-item first\"><input type=\"radio\" name=\"radio-77\" value=\"si\" \/><span class=\"wpcf7-list-item-label\">si<\/span><\/span><span class=\"wpcf7-list-item last\"><input type=\"radio\" name=\"radio-77\" value=\"no\" \/><span class=\"wpcf7-list-item-label\">no<\/span><\/span><\/span><\/span> se encuentra incluido y\/o alcanzado dentro de la \u201cN\u00f3mina de Funciones de Personas Expuestas Pol\u00edticamente\u201d aprobada por la Unidad de Informaci\u00f3n Financiera, que ha le\u00eddo y suscripto.<br \/>\nEn caso afirmativo indicar: Cargo\/Funci\u00f3n\/Jerarqu\u00eda, o relaci\u00f3n (con la Persona Expuesta Pol\u00edticamente):<br \/>\n<span class=\"wpcf7-form-control-wrap\" data-name=\"CargoFuncinJerarqua\"><input size=\"40\" maxlength=\"80\" class=\"wpcf7-form-control wpcf7-text\" aria-invalid=\"false\" placeholder=\"Cargo\/Funci\u00f3n\/Jerarqu\u00eda\" value=\"\" type=\"text\" name=\"CargoFuncinJerarqua\" \/><\/span><br \/>\nAdem\u00e1s, asume el compromiso de informar cualquier modificaci\u00f3n que se produzca a este respecto, dentro de los treinta (30) d\u00edas de ocurrida, mediante la presentaci\u00f3n de una nueva declaraci\u00f3n jurada\n<\/p>\n<span class=\"wpcf7-form-control-wrap recaptcha\" data-name=\"recaptcha\"><span data-sitekey=\"6Lee8UAlAAAAADS1RpfoDAWIqi_du9jOJi3GiACP\" class=\"wpcf7-form-control wpcf7-recaptcha g-recaptcha\"><\/span>\r\n<noscript>\r\n\t<div class=\"grecaptcha-noscript\">\r\n\t\t<iframe src=\"https:\/\/www.google.com\/recaptcha\/api\/fallback?k=6Lee8UAlAAAAADS1RpfoDAWIqi_du9jOJi3GiACP\" frameborder=\"0\" scrolling=\"no\" width=\"310\" height=\"430\">\r\n\t\t<\/iframe>\r\n\t\t<textarea name=\"g-recaptcha-response\" rows=\"3\" cols=\"40\" placeholder=\"Aqu\u00ed la respuesta de reCAPTCHA\">\r\n\t\t<\/textarea>\r\n\t<\/div>\r\n<\/noscript>\r\n<\/span>\n<p><input class=\"wpcf7-form-control wpcf7-submit has-spinner\" type=\"submit\" value=\"Enviar\" \/>\n<\/p><div class=\"wpcf7-response-output\" aria-hidden=\"true\"><\/div>\n<\/form>\n<\/div>\n<\/div>\n\t\t\t\t<\/div>\n\t\t\t\t<\/div>\n\t\t\t\t\t<\/div>\n\t\t<\/div>\n\t\t\t\t\t<\/div>\n\t\t<\/section>\n\t\t\t\t<section class=\"elementor-section elementor-top-section elementor-element elementor-element-17915b5 elementor-section-boxed elementor-section-height-default elementor-section-height-default\" data-id=\"17915b5\" data-element_type=\"section\">\n\t\t\t\t\t\t<div class=\"elementor-container elementor-column-gap-default\">\n\t\t\t\t\t<div class=\"elementor-column elementor-col-100 elementor-top-column elementor-element elementor-element-88d6faa\" data-id=\"88d6faa\" data-element_type=\"column\">\n\t\t\t<div class=\"elementor-widget-wrap elementor-element-populated\">\n\t\t\t\t\t\t<div class=\"elementor-element elementor-element-ab77458 elementor-widget elementor-widget-text-editor\" data-id=\"ab77458\" data-element_type=\"widget\" data-widget_type=\"text-editor.default\">\n\t\t\t\t<div class=\"elementor-widget-container\">\n\t\t\t\t\t\t\t<p>Exclusivo para Asociados al d\u00eda con la instituci\u00f3n &#8211; El Costo Financiero Total (CFT) var\u00eda seg\u00fan el perfil crediticio del solicitante y plazo de financiaci\u00f3n elegido. En todos los casos, el CFT aplicable ser\u00e1n informado claramente al momento de ingresar la solicitud de la Ayuda Econ\u00f3mica antes de su otorgamiento, su aprobaci\u00f3n estar\u00e1 sujeta a evaluaci\u00f3n crediticia.<\/p><p>El per\u00edodo de devoluci\u00f3n m\u00e1ximo ser\u00e1 de 12 meses. El CFT m\u00e1ximo es el establecido por el Ministerio de Hacienda y Finanzas de la Provincia de Buenos Aires, sujeto a modificaci\u00f3n. Tipo de Amortizaci\u00f3n Directa.<\/p><p class=\"has-text-color\"><strong>Para finalizar la solicitud se realizar\u00e1 una videollama mediante la plataforma Zoom.<\/strong><\/p><p>\u00a0<\/p>\t\t\t\t\t\t<\/div>\n\t\t\t\t<\/div>\n\t\t\t\t\t<\/div>\n\t\t<\/div>\n\t\t\t\t\t<\/div>\n\t\t<\/section>\n\t\t\t\t<\/div>\n\t\t","protected":false},"excerpt":{"rendered":"<p>Recordamos que las Ayudas Econ\u00f3micas son exclusivas para Asociados que se encuentren al d\u00eda con la instituci\u00f3n. Por favor complete todos los campos con la informaci\u00f3n requerida, la misma ser\u00e1 &#8230;<\/p>\n","protected":false},"author":5,"featured_media":0,"parent":0,"menu_order":0,"comment_status":"closed","ping_status":"closed","template":"","meta":{"footnotes":""},"_links":{"self":[{"href":"https:\/\/amebs.org.ar\/2020\/wp-json\/wp\/v2\/pages\/3514"}],"collection":[{"href":"https:\/\/amebs.org.ar\/2020\/wp-json\/wp\/v2\/pages"}],"about":[{"href":"https:\/\/amebs.org.ar\/2020\/wp-json\/wp\/v2\/types\/page"}],"author":[{"embeddable":true,"href":"https:\/\/amebs.org.ar\/2020\/wp-json\/wp\/v2\/users\/5"}],"replies":[{"embeddable":true,"href":"https:\/\/amebs.org.ar\/2020\/wp-json\/wp\/v2\/comments?post=3514"}],"version-history":[{"count":7,"href":"https:\/\/amebs.org.ar\/2020\/wp-json\/wp\/v2\/pages\/3514\/revisions"}],"predecessor-version":[{"id":3523,"href":"https:\/\/amebs.org.ar\/2020\/wp-json\/wp\/v2\/pages\/3514\/revisions\/3523"}],"wp:attachment":[{"href":"https:\/\/amebs.org.ar\/2020\/wp-json\/wp\/v2\/media?parent=3514"}],"curies":[{"name":"wp","href":"https:\/\/api.w.org\/{rel}","templated":true}]}}